{"id":2,"date":"2024-11-19T20:02:26","date_gmt":"2024-11-19T19:02:26","guid":{"rendered":"http:\/\/groovyboulga.fr\/?page_id=2"},"modified":"2024-11-24T20:26:26","modified_gmt":"2024-11-24T19:26:26","slug":"page-d-exemple","status":"publish","type":"page","link":"https:\/\/groovyboulga.fr\/index.php\/page-d-exemple\/","title":{"rendered":"Les musiciens"},"content":{"rendered":"\n<p><strong>Groovy Boulga<\/strong><br>Non mais qu\u2019est-ce que c\u2019est que ce nom de groupe\u00a0? On vous l\u2019accorde, c\u2019est \u00e9trange au premier abord\u2026 Mais quand vous y r\u00e9fl\u00e9chissez quelques secondes, \u00e7a se tient\u00a0: des reprises des ann\u00e9es 70 \u00e0 2000, r\u00e9-arrang\u00e9es de mani\u00e8re parfois inattendue et avec des styles pour le moins vari\u00e9s\u2026 Vous voyez, on y est d\u00e9j\u00e0 plus, hein\u00a0? Quand de surcro\u00eet, les membres du groupe ne craignent pas d\u2019enfiler des tenues \u00e0 la hauteur de cette diversit\u00e9 \u2013 peut-\u00eatre m\u00eame un poil plus hautes\u00a0J &#8211; et que le jeu de lumi\u00e8res s\u2019y met, \u00e7a vous donne du rythme, de l\u2019\u00e9nergie, de la bonne humeur\u2026 En somme, une exp\u00e9rience que vous ne vous attendiez pas \u00e0 conna\u00eetre un jour\u00a0! Et, diff\u00e9rence notable par rapport au gentil monstre orange de notre enfance, notre m\u00e9lange, \u00e0 nous, est savoureux\u00a0! Venez go\u00fbter, vous comprendrez\u00a0!<\/p>\n\n\n\n<div class=\"wp-block-media-text is-stacked-on-mobile\"><figure class=\"wp-block-media-text__media\"><img loading=\"lazy\" decoding=\"async\" width=\"1024\" height=\"1024\" src=\"https:\/\/groovyboulga.fr\/wp-content\/uploads\/2024\/11\/CelineMeneu2-1.jpg\" alt=\"\" class=\"wp-image-189 size-full\" srcset=\"https:\/\/groovyboulga.fr\/wp-content\/uploads\/2024\/11\/CelineMeneu2-1.jpg 1024w, https:\/\/groovyboulga.fr\/wp-content\/uploads\/2024\/11\/CelineMeneu2-1-300x300.jpg 300w, https:\/\/groovyboulga.fr\/wp-content\/uploads\/2024\/11\/CelineMeneu2-1-150x150.jpg 150w, https:\/\/groovyboulga.fr\/wp-content\/uploads\/2024\/11\/CelineMeneu2-1-768x768.jpg 768w\" sizes=\"auto, (max-width: 1024px) 100vw, 1024px\" \/><\/figure><div class=\"wp-block-media-text__content\">\n<p><strong>C\u00e9line Meneu<\/strong><\/p>\n\n\n\n<p>Mais pourquoi une fille de cette taille a-t-elle choisi un instrument pareil&nbsp;!? En effet, si vous cherchez C\u00e9line sur sc\u00e8ne, vous la trouverez juste derri\u00e8re sa contrebasse. Et pourquoi pas la basse \u00e9lectrique du coup&nbsp;? C\u2019est pas plus pratique&nbsp;? Et puis on voit les cases sur le manche, \u00e7a para\u00eet plus simple\u2026 Et bien si vous lui demandez, elle vous expliquera, avec raison, que le ressenti et les vibrations de l\u2019instrument n\u2019ont \u00e9videmment rien \u00e0 voir dans les deux cas\u2026 Et du coup, en concert, la contrebasse ne fait qu\u2019une avec sa contrebassiste, et \u00e7a s\u2019entend. Et ouais, sa contrebasse, c\u2019est un peu comme son gros nounours, \u00e0 C\u00e9line&#8230; En un peu moins doux, quand m\u00eame.<\/p>\n<\/div><\/div>\n\n\n\n<div class=\"wp-block-media-text has-media-on-the-right is-stacked-on-mobile\"><div class=\"wp-block-media-text__content\">\n<p><strong>Olivier Kauffmann<\/strong><\/p>\n\n\n\n<p>Si vous pensiez que la batterie, c\u2019est essentiellement \u00ab&nbsp;tchac boum&nbsp;\u00bb avec un petit break de temps \u00e0 autres, c\u2019est que vous n\u2019avez pas entendu le batteur de Groovy&nbsp;! Certes, il peut parfois s\u2019aider de machines infernales d\u2019o\u00f9 sortent des sons pour le moins inattendus, mais c\u2019est pour donner encore plus de couleurs \u00e0 son jeu&nbsp;! En tout cas, c\u2019est ce qu\u2019il dit\u2026 On peut aussi penser que des doubles-croches sur le charley \u00e0 160 bpm, \u00e0 son \u00e2ge \u2013 qui est aussi celui de la plupart des autres membres&nbsp;! \u2013 ce n\u2019est pas raisonnable. Quoiqu\u2019il en soit, avec des baguettes, des balais \u2013 pas ceux pour balayer par terre, on se comprend \u2013 ou des mailloches, c\u2019est lui le patron du tempo au sein de Groovy&nbsp;!<\/p>\n<\/div><figure class=\"wp-block-media-text__media\"><img loading=\"lazy\" decoding=\"async\" width=\"1024\" height=\"1024\" src=\"https:\/\/groovyboulga.fr\/wp-content\/uploads\/2024\/11\/batteurOlivier-1.jpg\" alt=\"\" class=\"wp-image-191 size-full\" srcset=\"https:\/\/groovyboulga.fr\/wp-content\/uploads\/2024\/11\/batteurOlivier-1.jpg 1024w, https:\/\/groovyboulga.fr\/wp-content\/uploads\/2024\/11\/batteurOlivier-1-300x300.jpg 300w, https:\/\/groovyboulga.fr\/wp-content\/uploads\/2024\/11\/batteurOlivier-1-150x150.jpg 150w, https:\/\/groovyboulga.fr\/wp-content\/uploads\/2024\/11\/batteurOlivier-1-768x768.jpg 768w\" sizes=\"auto, (max-width: 1024px) 100vw, 1024px\" \/><\/figure><\/div>\n\n\n\n<div class=\"wp-block-media-text is-stacked-on-mobile\"><figure class=\"wp-block-media-text__media\"><img loading=\"lazy\" decoding=\"async\" width=\"1024\" height=\"1024\" src=\"https:\/\/groovyboulga.fr\/wp-content\/uploads\/2024\/11\/NicolasCamous2-1.jpg\" alt=\"\" class=\"wp-image-192 size-full\" srcset=\"https:\/\/groovyboulga.fr\/wp-content\/uploads\/2024\/11\/NicolasCamous2-1.jpg 1024w, https:\/\/groovyboulga.fr\/wp-content\/uploads\/2024\/11\/NicolasCamous2-1-300x300.jpg 300w, https:\/\/groovyboulga.fr\/wp-content\/uploads\/2024\/11\/NicolasCamous2-1-150x150.jpg 150w, https:\/\/groovyboulga.fr\/wp-content\/uploads\/2024\/11\/NicolasCamous2-1-768x768.jpg 768w\" sizes=\"auto, (max-width: 1024px) 100vw, 1024px\" \/><\/figure><div class=\"wp-block-media-text__content\">\n<p><strong>Nicolas Camous<\/strong><\/p>\n\n\n\n<p>L\u2019exemple m\u00eame du mec qui ne sait pas choisir&nbsp;!! Chanter&nbsp;? Pourquoi pas\u2026 Du sax&nbsp;? Oui, bien s\u00fbr ! Guitare\u2026 Evidem\u2026 Ah ben non, y\u2019a un vrai guitariste dans le groupe, donc c\u2019est mort&nbsp;! Mais fl\u00fbte \u00e0 bec, j\u2019peux aussi, hein\u2026 Eh, Nico, tu n\u2019veux pas te calmer, tu nous fatigues, d\u00e9j\u00e0 que tu parles tout le temps sur sc\u00e8ne\u2026 Sachant que, par ailleurs, le gar\u00e7on multiplie les exp\u00e9riences groupistiques (\u00e7a se dit, \u00e7a, groupistique&nbsp;?), de pr\u00e9f\u00e9rence dans des endroits distants de 500 km minimum les uns des autres. Et pourtant, malgr\u00e9 son \u00e9loignement g\u00e9ographique \u2013 mais pas autant que Tim\u2026 &#8211;&nbsp; il reste fid\u00e8le \u00e0 son groupe de c\u0153ur &#8230; Comme aurait dit l\u2019autre Nicolas, \u00ab&nbsp;Avec Groovy, c\u2019est du s\u00e9rieux&nbsp;\u00bb.<\/p>\n<\/div><\/div>\n\n\n\n<div class=\"wp-block-media-text has-media-on-the-right is-stacked-on-mobile\"><div class=\"wp-block-media-text__content\">\n<p><strong>Emmanuel Milloux<\/strong><\/p>\n\n\n\n<p>Ca y est, c\u2019est choisi&nbsp;: Manu, sa guitare, elle sera rouge&nbsp;! Evidemment, compte tenu du \u00ab&nbsp;positionnement visuel&nbsp;\u00bb du groupe, il n\u2019allait pas choisir une Strat beige et blanche\u2026 Et c\u2019est vrai qu\u2019elle sonne bien, son Ibanez&nbsp;! Par contre, Manu, il a une conception assez personnelle du travail en r\u00e9p\u00e9titions&nbsp;: il compte uniquement sur sa m\u00e9moire et sur ses lunettes\u2026 Alors quand la premi\u00e8re flanche un peu \u2013 temporairement, pour l\u2019instant&nbsp;\ud83d\ude09 \u2013 et que les secondes sont rest\u00e9es chez lui, \u00e7a donne des versions parfois\u2026 \u00ab&nbsp;sp\u00e9ciales&nbsp;\u00bb de morceaux qui le sont d\u00e9j\u00e0 pas mal, par nature. \u00ab&nbsp;Non Manu, l\u00e0, on avait dit R\u00e9 majeur 7, t\u2019as pas pris de notes&nbsp;?&nbsp;\u00bb&nbsp;;-)\u2026<\/p>\n<\/div><figure class=\"wp-block-media-text__media\"><img loading=\"lazy\" decoding=\"async\" width=\"1024\" height=\"1024\" src=\"https:\/\/groovyboulga.fr\/wp-content\/uploads\/2024\/11\/manu-1.jpg\" alt=\"\" class=\"wp-image-193 size-full\" srcset=\"https:\/\/groovyboulga.fr\/wp-content\/uploads\/2024\/11\/manu-1.jpg 1024w, https:\/\/groovyboulga.fr\/wp-content\/uploads\/2024\/11\/manu-1-300x300.jpg 300w, https:\/\/groovyboulga.fr\/wp-content\/uploads\/2024\/11\/manu-1-150x150.jpg 150w, https:\/\/groovyboulga.fr\/wp-content\/uploads\/2024\/11\/manu-1-768x768.jpg 768w\" sizes=\"auto, (max-width: 1024px) 100vw, 1024px\" \/><\/figure><\/div>\n\n\n\n<div class=\"wp-block-media-text is-stacked-on-mobile\"><figure class=\"wp-block-media-text__media\"><img loading=\"lazy\" decoding=\"async\" width=\"1024\" height=\"1024\" src=\"https:\/\/groovyboulga.fr\/wp-content\/uploads\/2024\/11\/Timothee-1.jpg\" alt=\"\" class=\"wp-image-194 size-full\" srcset=\"https:\/\/groovyboulga.fr\/wp-content\/uploads\/2024\/11\/Timothee-1.jpg 1024w, https:\/\/groovyboulga.fr\/wp-content\/uploads\/2024\/11\/Timothee-1-300x300.jpg 300w, https:\/\/groovyboulga.fr\/wp-content\/uploads\/2024\/11\/Timothee-1-150x150.jpg 150w, https:\/\/groovyboulga.fr\/wp-content\/uploads\/2024\/11\/Timothee-1-768x768.jpg 768w\" sizes=\"auto, (max-width: 1024px) 100vw, 1024px\" \/><\/figure><div class=\"wp-block-media-text__content\">\n<p>Timoth\u00e9e Zerbib<\/p>\n\n\n\n<p>Le XVIII\u00e8me si\u00e8cle avait Mozart, le XIX\u00e8me avait Chopin\u2026 Nous, on a Tim&nbsp;! Un gars capable de (tr\u00e8s bien) jouer \u00e0 peu pr\u00e8s n\u2019importe quoi\u2026 Les autres aussi, mais eux, c\u2019est vraiment n\u2019importe quoi&nbsp;J&nbsp;! Tim, c\u2019est la rigueur de la formation acad\u00e9mique et la subtilit\u00e9 pianistique, appliqu\u00e9e \u00e0 nos reprises un peu d\u00e9glinguos. Et en plus, il est jeune (sale gosse&nbsp;!). Alors bon, en ce moment, il est plut\u00f4t pos\u00e9 sur la c\u00f4te californienne pour d\u2019obscures histoires de PhD en informatique, donc on le voit assez peu en r\u00e9p\u00e8te\u2026 Mais du coup, \u00e7a se sent, niveau subtilit\u00e9, son absence&nbsp;! Bon Tim, s\u00e9rieux, tu rentres quand&nbsp;?<\/p>\n<\/div><\/div>\n\n\n\n<figure class=\"wp-block-image size-medium is-style-default\"><img loading=\"lazy\" decoding=\"async\" width=\"300\" height=\"138\" src=\"https:\/\/groovyboulga.fr\/wp-content\/uploads\/2024\/11\/WhatsApp-Image-2023-05-27-at-20.43.16-300x138.jpeg\" alt=\"\" class=\"wp-image-144\" srcset=\"https:\/\/groovyboulga.fr\/wp-content\/uploads\/2024\/11\/WhatsApp-Image-2023-05-27-at-20.43.16-300x138.jpeg 300w, https:\/\/groovyboulga.fr\/wp-content\/uploads\/2024\/11\/WhatsApp-Image-2023-05-27-at-20.43.16-1024x472.jpeg 1024w, https:\/\/groovyboulga.fr\/wp-content\/uploads\/2024\/11\/WhatsApp-Image-2023-05-27-at-20.43.16-768x354.jpeg 768w, https:\/\/groovyboulga.fr\/wp-content\/uploads\/2024\/11\/WhatsApp-Image-2023-05-27-at-20.43.16.jpeg 1296w\" sizes=\"auto, (max-width: 300px) 100vw, 300px\" \/><\/figure>\n\n\n\n<figure class=\"wp-block-gallery has-nested-images columns-default is-cropped wp-block-gallery-1 is-layout-flex wp-block-gallery-is-layout-flex\">\n<figure class=\"wp-block-image size-large\"><img loading=\"lazy\" decoding=\"async\" width=\"1024\" height=\"576\" data-id=\"176\" src=\"https:\/\/groovyboulga.fr\/wp-content\/uploads\/2024\/11\/Cuisine-1024x576.jpeg\" alt=\"\" class=\"wp-image-176\" srcset=\"https:\/\/groovyboulga.fr\/wp-content\/uploads\/2024\/11\/Cuisine-1024x576.jpeg 1024w, https:\/\/groovyboulga.fr\/wp-content\/uploads\/2024\/11\/Cuisine-300x169.jpeg 300w, https:\/\/groovyboulga.fr\/wp-content\/uploads\/2024\/11\/Cuisine-768x432.jpeg 768w, https:\/\/groovyboulga.fr\/wp-content\/uploads\/2024\/11\/Cuisine-1536x863.jpeg 1536w, https:\/\/groovyboulga.fr\/wp-content\/uploads\/2024\/11\/Cuisine.jpeg 2048w\" sizes=\"auto, (max-width: 1024px) 100vw, 1024px\" \/><\/figure>\n\n\n\n<figure class=\"wp-block-image size-large\"><img loading=\"lazy\" decoding=\"async\" width=\"1024\" height=\"768\" data-id=\"177\" src=\"https:\/\/groovyboulga.fr\/wp-content\/uploads\/2024\/11\/Debrief-1024x768.jpeg\" alt=\"\" class=\"wp-image-177\" srcset=\"https:\/\/groovyboulga.fr\/wp-content\/uploads\/2024\/11\/Debrief-1024x768.jpeg 1024w, https:\/\/groovyboulga.fr\/wp-content\/uploads\/2024\/11\/Debrief-300x225.jpeg 300w, https:\/\/groovyboulga.fr\/wp-content\/uploads\/2024\/11\/Debrief-768x576.jpeg 768w, https:\/\/groovyboulga.fr\/wp-content\/uploads\/2024\/11\/Debrief-1536x1152.jpeg 1536w, https:\/\/groovyboulga.fr\/wp-content\/uploads\/2024\/11\/Debrief.jpeg 1600w\" sizes=\"auto, (max-width: 1024px) 100vw, 1024px\" \/><\/figure>\n\n\n\n<figure class=\"wp-block-image size-large\"><img loading=\"lazy\" decoding=\"async\" width=\"1024\" height=\"768\" data-id=\"178\" src=\"https:\/\/groovyboulga.fr\/wp-content\/uploads\/2024\/11\/Fischer-1024x768.jpeg\" alt=\"\" class=\"wp-image-178\" srcset=\"https:\/\/groovyboulga.fr\/wp-content\/uploads\/2024\/11\/Fischer-1024x768.jpeg 1024w, https:\/\/groovyboulga.fr\/wp-content\/uploads\/2024\/11\/Fischer-300x225.jpeg 300w, https:\/\/groovyboulga.fr\/wp-content\/uploads\/2024\/11\/Fischer-768x576.jpeg 768w, https:\/\/groovyboulga.fr\/wp-content\/uploads\/2024\/11\/Fischer-1536x1152.jpeg 1536w, https:\/\/groovyboulga.fr\/wp-content\/uploads\/2024\/11\/Fischer.jpeg 2048w\" sizes=\"auto, (max-width: 1024px) 100vw, 1024px\" \/><\/figure>\n\n\n\n<figure class=\"wp-block-image size-large\"><img loading=\"lazy\" decoding=\"async\" width=\"1024\" height=\"576\" data-id=\"179\" src=\"https:\/\/groovyboulga.fr\/wp-content\/uploads\/2024\/11\/petitdej-1-1024x576.jpeg\" alt=\"\" class=\"wp-image-179\" srcset=\"https:\/\/groovyboulga.fr\/wp-content\/uploads\/2024\/11\/petitdej-1-1024x576.jpeg 1024w, https:\/\/groovyboulga.fr\/wp-content\/uploads\/2024\/11\/petitdej-1-300x169.jpeg 300w, https:\/\/groovyboulga.fr\/wp-content\/uploads\/2024\/11\/petitdej-1-768x432.jpeg 768w, https:\/\/groovyboulga.fr\/wp-content\/uploads\/2024\/11\/petitdej-1-1536x864.jpeg 1536w, https:\/\/groovyboulga.fr\/wp-content\/uploads\/2024\/11\/petitdej-1.jpeg 1599w\" sizes=\"auto, (max-width: 1024px) 100vw, 1024px\" \/><\/figure>\n<\/figure>\n\n\n\n<p><\/p>\n","protected":false},"excerpt":{"rendered":"<p>Groovy BoulgaNon mais qu\u2019est-ce que c\u2019est que ce nom de groupe\u00a0? On vous l\u2019accorde, c\u2019est \u00e9trange au premier abord\u2026 Mais [&hellip;]<\/p>\n","protected":false},"author":1,"featured_media":0,"parent":0,"menu_order":0,"comment_status":"closed","ping_status":"open","template":"","meta":{"footnotes":""},"class_list":["post-2","page","type-page","status-publish","hentry"],"_links":{"self":[{"href":"https:\/\/groovyboulga.fr\/index.php\/wp-json\/wp\/v2\/pages\/2","targetHints":{"allow":["GET"]}}],"collection":[{"href":"https:\/\/groovyboulga.fr\/index.php\/wp-json\/wp\/v2\/pages"}],"about":[{"href":"https:\/\/groovyboulga.fr\/index.php\/wp-json\/wp\/v2\/types\/page"}],"author":[{"embeddable":true,"href":"https:\/\/groovyboulga.fr\/index.php\/wp-json\/wp\/v2\/users\/1"}],"replies":[{"embeddable":true,"href":"https:\/\/groovyboulga.fr\/index.php\/wp-json\/wp\/v2\/comments?post=2"}],"version-history":[{"count":15,"href":"https:\/\/groovyboulga.fr\/index.php\/wp-json\/wp\/v2\/pages\/2\/revisions"}],"predecessor-version":[{"id":198,"href":"https:\/\/groovyboulga.fr\/index.php\/wp-json\/wp\/v2\/pages\/2\/revisions\/198"}],"wp:attachment":[{"href":"https:\/\/groovyboulga.fr\/index.php\/wp-json\/wp\/v2\/media?parent=2"}],"curies":[{"name":"wp","href":"https:\/\/api.w.org\/{rel}","templated":true}]}}